{"id":1530,"date":"2023-04-03T14:46:19","date_gmt":"2023-04-03T17:46:19","guid":{"rendered":"http:\/\/www.inove9.com\/?page_id=1530"},"modified":"2023-04-03T15:29:49","modified_gmt":"2023-04-03T18:29:49","slug":"institucional","status":"publish","type":"page","link":"https:\/\/www.inove9.com\/index.php\/institucional\/","title":{"rendered":"Institucional"},"content":{"rendered":"\t\t<div data-elementor-type=\"wp-page\" data-elementor-id=\"1530\" class=\"elementor elementor-1530\">\n\t\t\t\t\t\t\t\t\t<section data-particle_enable=\"false\" data-particle-mobile-disabled=\"false\" class=\"elementor-section elementor-top-section elementor-element elementor-element-39de17a elementor-section-boxed elementor-section-height-default elementor-section-height-default\" data-id=\"39de17a\" data-element_type=\"section\">\n\t\t\t\t\t\t<div class=\"elementor-container elementor-column-gap-default\">\n\t\t\t\t\t<div class=\"elementor-column elementor-col-100 elementor-top-column elementor-element elementor-element-08a2ea9\" data-id=\"08a2ea9\" data-element_type=\"column\">\n\t\t\t<div class=\"elementor-widget-wrap elementor-element-populated\">\n\t\t\t\t\t\t\t\t<div class=\"elementor-element elementor-element-5031b8f elementor-widget elementor-widget-spacer\" data-id=\"5031b8f\" data-element_type=\"widget\" data-widget_type=\"spacer.default\">\n\t\t\t\t<div class=\"elementor-widget-container\">\n\t\t\t<style>\/*! elementor - v3.12.1 - 02-04-2023 *\/\n.elementor-column .elementor-spacer-inner{height:var(--spacer-size)}.e-con{--container-widget-width:100%}.e-con-inner>.elementor-widget-spacer,.e-con>.elementor-widget-spacer{width:var(--container-widget-width,var(--spacer-size));--align-self:var(--container-widget-align-self,initial);--flex-shrink:0}.e-con-inner>.elementor-widget-spacer>.elementor-widget-container,.e-con-inner>.elementor-widget-spacer>.elementor-widget-container>.elementor-spacer,.e-con>.elementor-widget-spacer>.elementor-widget-container,.e-con>.elementor-widget-spacer>.elementor-widget-container>.elementor-spacer{height:100%}.e-con-inner>.elementor-widget-spacer>.elementor-widget-container>.elementor-spacer>.elementor-spacer-inner,.e-con>.elementor-widget-spacer>.elementor-widget-container>.elementor-spacer>.elementor-spacer-inner{height:var(--container-widget-height,var(--spacer-size))}<\/style>\t\t<div class=\"elementor-spacer\">\n\t\t\t<div class=\"elementor-spacer-inner\"><\/div>\n\t\t<\/div>\n\t\t\t\t<\/div>\n\t\t\t\t<\/div>\n\t\t\t\t<div class=\"elementor-element elementor-element-313c7ae elementor-widget elementor-widget-heading\" data-id=\"313c7ae\" data-element_type=\"widget\" data-widget_type=\"heading.default\">\n\t\t\t\t<div class=\"elementor-widget-container\">\n\t\t\t<style>\/*! elementor - v3.12.1 - 02-04-2023 *\/\n.elementor-heading-title{padding:0;margin:0;line-height:1}.elementor-widget-heading .elementor-heading-title[class*=elementor-size-]>a{color:inherit;font-size:inherit;line-height:inherit}.elementor-widget-heading .elementor-heading-title.elementor-size-small{font-size:15px}.elementor-widget-heading .elementor-heading-title.elementor-size-medium{font-size:19px}.elementor-widget-heading .elementor-heading-title.elementor-size-large{font-size:29px}.elementor-widget-heading .elementor-heading-title.elementor-size-xl{font-size:39px}.elementor-widget-heading .elementor-heading-title.elementor-size-xxl{font-size:59px}<\/style><h1 class=\"elementor-heading-title elementor-size-default\">Miss\u00e3o<\/h1>\t\t<\/div>\n\t\t\t\t<\/div>\n\t\t\t\t<div class=\"elementor-element elementor-element-2c6a9a1 elementor-widget elementor-widget-text-editor\" data-id=\"2c6a9a1\" data-element_type=\"widget\" data-widget_type=\"text-editor.default\">\n\t\t\t\t<div class=\"elementor-widget-container\">\n\t\t\t<style>\/*! elementor - v3.12.1 - 02-04-2023 *\/\n.elementor-widget-text-editor.elementor-drop-cap-view-stacked .elementor-drop-cap{background-color:#69727d;color:#fff}.elementor-widget-text-editor.elementor-drop-cap-view-framed .elementor-drop-cap{color:#69727d;border:3px solid;background-color:transparent}.elementor-widget-text-editor:not(.elementor-drop-cap-view-default) .elementor-drop-cap{margin-top:8px}.elementor-widget-text-editor:not(.elementor-drop-cap-view-default) .elementor-drop-cap-letter{width:1em;height:1em}.elementor-widget-text-editor .elementor-drop-cap{float:left;text-align:center;line-height:1;font-size:50px}.elementor-widget-text-editor .elementor-drop-cap-letter{display:inline-block}<\/style>\t\t\t\t<h4 style=\"background-color: #ffffff; font-family: 'DM Sans', sans-serif; text-align: center;\">Nossa miss\u00e3o \u00e9 fornecer solu\u00e7\u00f5es tecnol\u00f3gicas inovadoras que contribuam para a transforma\u00e7\u00e3o digital dos nossos clientes e melhorem a vida das pessoas, por meio de experi\u00eancias incr\u00edveis e eficientes.\u00a0\u00a0<\/h4>\t\t\t\t\t\t<\/div>\n\t\t\t\t<\/div>\n\t\t\t\t\t<\/div>\n\t\t<\/div>\n\t\t\t\t\t\t\t<\/div>\n\t\t<\/section>\n\t\t\t\t<section data-particle_enable=\"false\" data-particle-mobile-disabled=\"false\" class=\"elementor-section elementor-top-section elementor-element elementor-element-ba0f538 elementor-section-boxed elementor-section-height-default elementor-section-height-default\" data-id=\"ba0f538\" data-element_type=\"section\">\n\t\t\t\t\t\t<div class=\"elementor-container elementor-column-gap-default\">\n\t\t\t\t\t<div class=\"elementor-column elementor-col-100 elementor-top-column elementor-element elementor-element-fe2dfed\" data-id=\"fe2dfed\" data-element_type=\"column\">\n\t\t\t<div class=\"elementor-widget-wrap elementor-element-populated\">\n\t\t\t\t\t\t\t\t<div class=\"elementor-element elementor-element-f9c21cd elementor-widget elementor-widget-spacer\" data-id=\"f9c21cd\" data-element_type=\"widget\" data-widget_type=\"spacer.default\">\n\t\t\t\t<div class=\"elementor-widget-container\">\n\t\t\t\t\t<div class=\"elementor-spacer\">\n\t\t\t<div class=\"elementor-spacer-inner\"><\/div>\n\t\t<\/div>\n\t\t\t\t<\/div>\n\t\t\t\t<\/div>\n\t\t\t\t<div class=\"elementor-element elementor-element-ae4ef29 elementor-widget elementor-widget-heading\" data-id=\"ae4ef29\" data-element_type=\"widget\" data-widget_type=\"heading.default\">\n\t\t\t\t<div class=\"elementor-widget-container\">\n\t\t\t<h1 class=\"elementor-heading-title elementor-size-default\">Vis\u00e3o<\/h1>\t\t<\/div>\n\t\t\t\t<\/div>\n\t\t\t\t<div class=\"elementor-element elementor-element-2b9ea52 elementor-widget elementor-widget-text-editor\" data-id=\"2b9ea52\" data-element_type=\"widget\" data-widget_type=\"text-editor.default\">\n\t\t\t\t<div class=\"elementor-widget-container\">\n\t\t\t\t\t\t\t<h4 style=\"background-color: #ffffff; font-family: 'DM Sans', sans-serif; text-align: center;\">Queremos ser refer\u00eancia em inova\u00e7\u00e3o, reconhecidos por nossos clientes e parceiros como uma empresa capaz de transformar o mercado por meio de solu\u00e7\u00f5es tecnol\u00f3gicas de ponta.<\/h4>\t\t\t\t\t\t<\/div>\n\t\t\t\t<\/div>\n\t\t\t\t\t<\/div>\n\t\t<\/div>\n\t\t\t\t\t\t\t<\/div>\n\t\t<\/section>\n\t\t\t\t<section data-particle_enable=\"false\" data-particle-mobile-disabled=\"false\" class=\"elementor-section elementor-top-section elementor-element elementor-element-2cb4902 elementor-section-boxed elementor-section-height-default elementor-section-height-default\" data-id=\"2cb4902\" data-element_type=\"section\">\n\t\t\t\t\t\t<div class=\"elementor-container elementor-column-gap-default\">\n\t\t\t\t\t<div class=\"elementor-column elementor-col-100 elementor-top-column elementor-element elementor-element-1bbaa23\" data-id=\"1bbaa23\" data-element_type=\"column\">\n\t\t\t<div class=\"elementor-widget-wrap elementor-element-populated\">\n\t\t\t\t\t\t\t\t<div class=\"elementor-element elementor-element-8fc8f65 elementor-widget elementor-widget-spacer\" data-id=\"8fc8f65\" data-element_type=\"widget\" data-widget_type=\"spacer.default\">\n\t\t\t\t<div class=\"elementor-widget-container\">\n\t\t\t\t\t<div class=\"elementor-spacer\">\n\t\t\t<div class=\"elementor-spacer-inner\"><\/div>\n\t\t<\/div>\n\t\t\t\t<\/div>\n\t\t\t\t<\/div>\n\t\t\t\t<div class=\"elementor-element elementor-element-ddb450d elementor-widget elementor-widget-heading\" data-id=\"ddb450d\" data-element_type=\"widget\" data-widget_type=\"heading.default\">\n\t\t\t\t<div class=\"elementor-widget-container\">\n\t\t\t<h1 class=\"elementor-heading-title elementor-size-default\">Valores<\/h1>\t\t<\/div>\n\t\t\t\t<\/div>\n\t\t\t\t<div class=\"elementor-element elementor-element-3120748 elementor-widget elementor-widget-text-editor\" data-id=\"3120748\" data-element_type=\"widget\" data-widget_type=\"text-editor.default\">\n\t\t\t\t<div class=\"elementor-widget-container\">\n\t\t\t\t\t\t\t<h4 style=\"background-color: #ffffff; font-family: 'DM Sans', sans-serif; text-align: justify;\">Inova\u00e7\u00e3o: Buscamos constantemente inovar em nossos produtos e servi\u00e7os para oferecer solu\u00e7\u00f5es cada vez mais eficientes e modernas.<\/h4><h4 style=\"background-color: #ffffff; font-family: 'DM Sans', sans-serif; text-align: justify;\">Qualidade: Nosso compromisso com a qualidade est\u00e1 presente em todas as etapas do processo, desde o desenvolvimento at\u00e9 o atendimento ao cliente.<\/h4><h4 style=\"background-color: #ffffff; font-family: 'DM Sans', sans-serif; text-align: justify;\">Colabora\u00e7\u00e3o: Acreditamos na colabora\u00e7\u00e3o como forma de alcan\u00e7ar objetivos maiores e melhores. Por isso, trabalhamos em equipe, com respeito, transpar\u00eancia e empatia.<\/h4><h4 style=\"background-color: #ffffff; font-family: 'DM Sans', sans-serif; text-align: justify;\">Responsabilidade social: Temos o compromisso de contribuir para a constru\u00e7\u00e3o de uma sociedade mais justa e sustent\u00e1vel, por meio de nossas solu\u00e7\u00f5es tecnol\u00f3gicas e a\u00e7\u00f5es sociais.<\/h4>\t\t\t\t\t\t<\/div>\n\t\t\t\t<\/div>\n\t\t\t\t\t<\/div>\n\t\t<\/div>\n\t\t\t\t\t\t\t<\/div>\n\t\t<\/section>\n\t\t\t\t\t\t\t<\/div>\n\t\t","protected":false},"excerpt":{"rendered":"<p>Miss\u00e3o Nossa miss\u00e3o \u00e9 fornecer solu\u00e7\u00f5es tecnol\u00f3gicas inovadoras que contribuam para a transforma\u00e7\u00e3o digital dos nossos clientes e melhorem a vida das pessoas, por meio de experi\u00eancias incr\u00edveis e eficientes.\u00a0\u00a0 Vis\u00e3o Queremos ser refer\u00eancia em inova\u00e7\u00e3o, reconhecidos por nossos clientes e parceiros como uma empresa capaz de transformar o mercado por meio de solu\u00e7\u00f5es tecnol\u00f3gicas [&hellip;]<\/p>\n","protected":false},"author":11,"featured_media":0,"parent":0,"menu_order":0,"comment_status":"closed","ping_status":"closed","template":"","meta":{"footnotes":""},"class_list":["post-1530","page","type-page","status-publish","hentry"],"_links":{"self":[{"href":"https:\/\/www.inove9.com\/index.php\/wp-json\/wp\/v2\/pages\/1530","targetHints":{"allow":["GET"]}}],"collection":[{"href":"https:\/\/www.inove9.com\/index.php\/wp-json\/wp\/v2\/pages"}],"about":[{"href":"https:\/\/www.inove9.com\/index.php\/wp-json\/wp\/v2\/types\/page"}],"author":[{"embeddable":true,"href":"https:\/\/www.inove9.com\/index.php\/wp-json\/wp\/v2\/users\/11"}],"replies":[{"embeddable":true,"href":"https:\/\/www.inove9.com\/index.php\/wp-json\/wp\/v2\/comments?post=1530"}],"version-history":[{"count":7,"href":"https:\/\/www.inove9.com\/index.php\/wp-json\/wp\/v2\/pages\/1530\/revisions"}],"predecessor-version":[{"id":1552,"href":"https:\/\/www.inove9.com\/index.php\/wp-json\/wp\/v2\/pages\/1530\/revisions\/1552"}],"wp:attachment":[{"href":"https:\/\/www.inove9.com\/index.php\/wp-json\/wp\/v2\/media?parent=1530"}],"curies":[{"name":"wp","href":"https:\/\/api.w.org\/{rel}","templated":true}]}}